{"id":529,"date":"2020-02-29T00:05:17","date_gmt":"2020-02-28T23:05:17","guid":{"rendered":"https:\/\/www.btlaw.sk\/?page_id=529"},"modified":"2026-04-11T10:16:49","modified_gmt":"2026-04-11T08:16:49","slug":"cabinet_avocat_francophone_slovaquie","status":"publish","type":"page","link":"https:\/\/www.btlaw.sk\/fr\/cabinet_avocat_francophone_slovaquie\/","title":{"rendered":"Qui sommes nous"},"content":{"rendered":"","protected":false},"excerpt":{"rendered":"","protected":false},"author":1,"featured_media":0,"parent":0,"menu_order":0,"comment_status":"closed","ping_status":"closed","template":"template-kto-sme.php","meta":{"_monsterinsights_skip_tracking":false,"_monsterinsights_sitenote_active":false,"_monsterinsights_sitenote_note":"","_monsterinsights_sitenote_category":0,"_uf_show_specific_survey":0,"_uf_disable_surveys":false,"footnotes":""},"yoast_head":"<!-- This site is optimized with the Yoast SEO plugin v22.8 - https:\/\/yoast.com\/wordpress\/plugins\/seo\/ -->\n<title>BTLAW - Slovaquie - Qui sommes nous<\/title>\n<meta name=\"description\" content=\"Cabinet d\u2019avocats francophone \u00e0 Bratislava (Slovaquie). Conseils juridiques clairs et accessibles.\" \/>\n<meta name=\"robots\" content=\"index, follow, max-snippet:-1, max-image-preview:large, max-video-preview:-1\" \/>\n<link rel=\"canonical\" href=\"https:\/\/www.btlaw.sk\/fr\/cabinet_avocat_francophone_slovaquie\/\" \/>\n<meta property=\"og:locale\" content=\"fr_FR\" \/>\n<meta property=\"og:type\" content=\"article\" \/>\n<meta property=\"og:title\" content=\"BTLAW - Slovaquie - Qui sommes nous\" \/>\n<meta property=\"og:description\" content=\"Cabinet d\u2019avocats francophone \u00e0 Bratislava (Slovaquie). Conseils juridiques clairs et accessibles.\" \/>\n<meta property=\"og:url\" content=\"https:\/\/www.btlaw.sk\/cabinet_avocat_francophone_slovaquie\/\" \/>\n<meta property=\"og:site_name\" content=\"BTLAW\" \/>\n<meta property=\"article:modified_time\" content=\"2026-04-11T08:16:49+00:00\" \/>\n<meta name=\"twitter:card\" content=\"summary_large_image\" \/>\n<script type=\"application\/ld+json\" class=\"yoast-schema-graph\">{\"@context\":\"https:\/\/schema.org\",\"@graph\":[{\"@type\":\"WebPage\",\"@id\":\"https:\/\/www.btlaw.sk\/cabinet_avocat_francophone_slovaquie\/\",\"url\":\"https:\/\/www.btlaw.sk\/cabinet_avocat_francophone_slovaquie\/\",\"name\":\"BTLAW - Slovaquie - Qui sommes nous\",\"isPartOf\":{\"@id\":\"https:\/\/www.btlaw.sk\/#website\"},\"datePublished\":\"2020-02-28T23:05:17+00:00\",\"dateModified\":\"2026-04-11T08:16:49+00:00\",\"description\":\"Cabinet d\u2019avocats francophone \u00e0 Bratislava (Slovaquie). Conseils juridiques clairs et accessibles.\",\"breadcrumb\":{\"@id\":\"https:\/\/www.btlaw.sk\/cabinet_avocat_francophone_slovaquie\/#breadcrumb\"},\"inLanguage\":\"fr-FR\",\"potentialAction\":[{\"@type\":\"ReadAction\",\"target\":[\"https:\/\/www.btlaw.sk\/cabinet_avocat_francophone_slovaquie\/\"]}]},{\"@type\":\"BreadcrumbList\",\"@id\":\"https:\/\/www.btlaw.sk\/cabinet_avocat_francophone_slovaquie\/#breadcrumb\",\"itemListElement\":[{\"@type\":\"ListItem\",\"position\":1,\"name\":\"Home\",\"item\":\"https:\/\/www.btlaw.sk\/\"},{\"@type\":\"ListItem\",\"position\":2,\"name\":\"Qui sommes nous\"}]},{\"@type\":\"WebSite\",\"@id\":\"https:\/\/www.btlaw.sk\/#website\",\"url\":\"https:\/\/www.btlaw.sk\/\",\"name\":\"BTLAW\",\"description\":\"Pr\u00e1vnici pre v\u00e1\u0161 biznis a technol\u00f3gie\",\"publisher\":{\"@id\":\"https:\/\/www.btlaw.sk\/#organization\"},\"potentialAction\":[{\"@type\":\"SearchAction\",\"target\":{\"@type\":\"EntryPoint\",\"urlTemplate\":\"https:\/\/www.btlaw.sk\/?s={search_term_string}\"},\"query-input\":\"required name=search_term_string\"}],\"inLanguage\":\"fr-FR\"},{\"@type\":\"Organization\",\"@id\":\"https:\/\/www.btlaw.sk\/#organization\",\"name\":\"BU\u017dEK & TEREM advok\u00e1ti\",\"url\":\"https:\/\/www.btlaw.sk\/\",\"logo\":{\"@type\":\"ImageObject\",\"inLanguage\":\"fr-FR\",\"@id\":\"https:\/\/www.btlaw.sk\/#\/schema\/logo\/image\/\",\"url\":\"https:\/\/www.btlaw.sk\/wp-content\/uploads\/2020\/06\/logo-zakladne-pre-online-transparent.png\",\"contentUrl\":\"https:\/\/www.btlaw.sk\/wp-content\/uploads\/2020\/06\/logo-zakladne-pre-online-transparent.png\",\"width\":1200,\"height\":793,\"caption\":\"BU\u017dEK & TEREM advok\u00e1ti\"},\"image\":{\"@id\":\"https:\/\/www.btlaw.sk\/#\/schema\/logo\/image\/\"}}]}<\/script>\n<!-- \/ Yoast SEO plugin. -->","yoast_head_json":{"title":"BTLAW - Slovaquie - Qui sommes nous","description":"Cabinet d\u2019avocats francophone \u00e0 Bratislava (Slovaquie). Conseils juridiques clairs et accessibles.","robots":{"index":"index","follow":"follow","max-snippet":"max-snippet:-1","max-image-preview":"max-image-preview:large","max-video-preview":"max-video-preview:-1"},"canonical":"https:\/\/www.btlaw.sk\/fr\/cabinet_avocat_francophone_slovaquie\/","og_locale":"fr_FR","og_type":"article","og_title":"BTLAW - Slovaquie - Qui sommes nous","og_description":"Cabinet d\u2019avocats francophone \u00e0 Bratislava (Slovaquie). Conseils juridiques clairs et accessibles.","og_url":"https:\/\/www.btlaw.sk\/cabinet_avocat_francophone_slovaquie\/","og_site_name":"BTLAW","article_modified_time":"2026-04-11T08:16:49+00:00","twitter_card":"summary_large_image","schema":{"@context":"https:\/\/schema.org","@graph":[{"@type":"WebPage","@id":"https:\/\/www.btlaw.sk\/cabinet_avocat_francophone_slovaquie\/","url":"https:\/\/www.btlaw.sk\/cabinet_avocat_francophone_slovaquie\/","name":"BTLAW - Slovaquie - Qui sommes nous","isPartOf":{"@id":"https:\/\/www.btlaw.sk\/#website"},"datePublished":"2020-02-28T23:05:17+00:00","dateModified":"2026-04-11T08:16:49+00:00","description":"Cabinet d\u2019avocats francophone \u00e0 Bratislava (Slovaquie). Conseils juridiques clairs et accessibles.","breadcrumb":{"@id":"https:\/\/www.btlaw.sk\/cabinet_avocat_francophone_slovaquie\/#breadcrumb"},"inLanguage":"fr-FR","potentialAction":[{"@type":"ReadAction","target":["https:\/\/www.btlaw.sk\/cabinet_avocat_francophone_slovaquie\/"]}]},{"@type":"BreadcrumbList","@id":"https:\/\/www.btlaw.sk\/cabinet_avocat_francophone_slovaquie\/#breadcrumb","itemListElement":[{"@type":"ListItem","position":1,"name":"Home","item":"https:\/\/www.btlaw.sk\/"},{"@type":"ListItem","position":2,"name":"Qui sommes nous"}]},{"@type":"WebSite","@id":"https:\/\/www.btlaw.sk\/#website","url":"https:\/\/www.btlaw.sk\/","name":"BTLAW","description":"Pr\u00e1vnici pre v\u00e1\u0161 biznis a technol\u00f3gie","publisher":{"@id":"https:\/\/www.btlaw.sk\/#organization"},"potentialAction":[{"@type":"SearchAction","target":{"@type":"EntryPoint","urlTemplate":"https:\/\/www.btlaw.sk\/?s={search_term_string}"},"query-input":"required name=search_term_string"}],"inLanguage":"fr-FR"},{"@type":"Organization","@id":"https:\/\/www.btlaw.sk\/#organization","name":"BU\u017dEK & TEREM advok\u00e1ti","url":"https:\/\/www.btlaw.sk\/","logo":{"@type":"ImageObject","inLanguage":"fr-FR","@id":"https:\/\/www.btlaw.sk\/#\/schema\/logo\/image\/","url":"https:\/\/www.btlaw.sk\/wp-content\/uploads\/2020\/06\/logo-zakladne-pre-online-transparent.png","contentUrl":"https:\/\/www.btlaw.sk\/wp-content\/uploads\/2020\/06\/logo-zakladne-pre-online-transparent.png","width":1200,"height":793,"caption":"BU\u017dEK & TEREM advok\u00e1ti"},"image":{"@id":"https:\/\/www.btlaw.sk\/#\/schema\/logo\/image\/"}}]}},"_links":{"self":[{"href":"https:\/\/www.btlaw.sk\/fr\/wp-json\/wp\/v2\/pages\/529\/"}],"collection":[{"href":"https:\/\/www.btlaw.sk\/fr\/wp-json\/wp\/v2\/pages\/"}],"about":[{"href":"https:\/\/www.btlaw.sk\/fr\/wp-json\/wp\/v2\/types\/page\/"}],"author":[{"embeddable":true,"href":"https:\/\/www.btlaw.sk\/fr\/wp-json\/wp\/v2\/users\/1\/"}],"replies":[{"embeddable":true,"href":"https:\/\/www.btlaw.sk\/fr\/wp-json\/wp\/v2\/comments\/?post=529"}],"version-history":[{"count":13,"href":"https:\/\/www.btlaw.sk\/fr\/wp-json\/wp\/v2\/pages\/529\/revisions\/"}],"predecessor-version":[{"id":1702,"href":"https:\/\/www.btlaw.sk\/fr\/wp-json\/wp\/v2\/pages\/529\/revisions\/1702\/"}],"wp:attachment":[{"href":"https:\/\/www.btlaw.sk\/fr\/wp-json\/wp\/v2\/media\/?parent=529"}],"curies":[{"name":"wp","href":"https:\/\/api.w.org\/{rel}","templated":true}]}}