{"id":536,"date":"2020-02-29T00:05:33","date_gmt":"2020-02-28T23:05:33","guid":{"rendered":"https:\/\/www.btlaw.sk\/?page_id=536"},"modified":"2020-02-29T00:05:33","modified_gmt":"2020-02-28T23:05:33","slug":"zasady-ochrany-osobnych-udajov","status":"publish","type":"page","link":"https:\/\/www.btlaw.sk\/en\/zasady-ochrany-osobnych-udajov\/","title":{"rendered":"Z\u00e1sady ochrany osobn\u00fdch \u00fadajov"},"content":{"rendered":"\r\n<h2 class=\"wp-block-heading\">Kto sme<\/h2>\r\n\r\n\r\nAdresa na\u0161ej webovej str\u00e1nky je: https:\/\/www.btlaw.sk.\r\n\r\n\r\n<h2 class=\"wp-block-heading\">Ak\u00e9 osobn\u00e9 \u00fadaje z\u00edskavame a&nbsp;pre\u010do ich zbierame<\/h2>\r\n\r\n<h3 class=\"wp-block-heading\">Koment\u00e1re<\/h3>\r\n\r\n\r\nKe\u010f&nbsp;n\u00e1v\u0161tevn\u00edci webu zanechavaj\u00fa na&nbsp;str\u00e1nke koment\u00e1re, zbierame \u00fadaje, ktor\u00e9 s\u00fa zobrazen\u00e9 vo&nbsp;formul\u00e1ri koment\u00e1ra a&nbsp;taktie\u017e IP adresu pou\u017e\u00edvate\u013eov a&nbsp;user-agent prehliada\u010da z&nbsp;d\u00f4vodu ochrany proti&nbsp;spamu.\r\n\r\n\r\n\r\nAnonymizovan\u00fd re\u0165azec vytvoren\u00fd z&nbsp;va\u0161ej e-mailovej adresy (naz\u00fdvan\u00fd aj&nbsp;hash) m\u00f4\u017ee by\u0165 poskytnut\u00fd slu\u017ebe Gravatar pre&nbsp;overenie, \u010di&nbsp;ju pou\u017e\u00edvate. Z\u00e1sady ochrany osobn\u00fdch \u00fadajov slu\u017eby Gravatar n\u00e1jdete na: https:\/\/automattic.com\/privacy\/. Po&nbsp;schv\u00e1len\u00ed v\u00e1\u0161ho koment\u00e1ra bude va\u0161a profilov\u00e1 fotografia verejne zobrazen\u00e1 spolu s&nbsp;obsahom v\u00e1\u0161ho koment\u00e1ra.\r\n\r\n\r\n<h3 class=\"wp-block-heading\">Multim\u00e9di\u00e1<\/h3>\r\n\r\n\r\nPri&nbsp;nahr\u00e1van\u00ed obr\u00e1zkov na&nbsp;webov\u00fa str\u00e1nku by ste sa mali vyhn\u00fa\u0165 nahr\u00e1vaniu obr\u00e1zkov s&nbsp;EXIF GPS \u00fadajmi o&nbsp;polohe. N\u00e1v\u0161tevn\u00edci webu m\u00f4\u017eu stiahnu\u0165 a&nbsp;zobrazi\u0165 ak\u00e9ko\u013evek \u00fadaje o&nbsp;polohe z&nbsp;obr\u00e1zkov.\r\n\r\n\r\n<h3 class=\"wp-block-heading\">Kontaktn\u00e9 formul\u00e1re<\/h3>\r\n\r\n<h3 class=\"wp-block-heading\">S\u00fabory cookies<\/h3>\r\n\r\n\r\nAk prid\u00e1te koment\u00e1r na&nbsp;na\u0161ej str\u00e1nke, m\u00f4\u017eete s\u00fahlasi\u0165 s&nbsp;ulo\u017een\u00edm v\u00e1\u0161ho mena, e-mailovej adresy a&nbsp;webovej str\u00e1nky do&nbsp;s\u00faborov cookies. Je to&nbsp;pre&nbsp;va\u0161e pohodlie, aby&nbsp;ste nemuseli op\u00e4tovne vyp\u013a\u0148a\u0165 va\u0161e \u00fadaje znovu pri&nbsp;prid\u00e1van\u00ed \u010fal\u0161ieho koment\u00e1ra. Tieto s\u00fabory cookies s\u00fa platn\u00e9 jeden rok.\r\n\r\n\r\n\r\nAk nav\u0161t\u00edvite na\u0161u str\u00e1nku prihl\u00e1senia, ulo\u017e\u00edme do\u010dasn\u00e9 s\u00fabory cookies na&nbsp;ur\u010denie toho, \u010di&nbsp;v\u00e1\u0161 prehliada\u010d akceptuje s\u00fabory cookies. Tieto s\u00fabory cookies neobsahuj\u00fa \u017eiadne osobn\u00e9 \u00fadaje a&nbsp;s\u00fa odstr\u00e1nen\u00e9 pri&nbsp;zatvoren\u00ed prehliada\u010da.\r\n\r\n\r\n\r\nPri&nbsp;prihl\u00e1sen\u00ed nastav\u00edme nieko\u013eko s\u00faborov cookies, aby&nbsp;sme ulo\u017eili va\u0161e prihlasovacie \u00fadaje a&nbsp;nastavenia zobrazenia. Prihlasovacie cookies s\u00fa platn\u00e9 dva dni a&nbsp;nastavenia zobrazenia jeden rok. Ak zvol\u00edte mo\u017enos\u0165 &#8220;zapam\u00e4ta\u0165&#8221;, va\u0161e prihl\u00e1senie bude platn\u00e9 dva t\u00fd\u017edne. Pri&nbsp;odhl\u00e1sen\u00ed sa z&nbsp;v\u00e1\u0161ho \u00fa\u010dtu s\u00fa s\u00fabory cookies odstr\u00e1nen\u00e9.\r\n\r\n\r\n\r\nPri&nbsp;\u00faprave alebo&nbsp;publikovan\u00ed \u010dl\u00e1nku bud\u00fa vo&nbsp;va\u0161om prehliada\u010di ulo\u017een\u00e9 dodato\u010dn\u00e9 s\u00fabory cookies. Tieto s\u00fabory cookies neobsahuj\u00fa \u017eiadne osobn\u00e9 \u00fadaje a&nbsp;odkazuj\u00fa iba na&nbsp;ID \u010dl\u00e1nku, ktor\u00fd ste upravovali. S\u00fabory s\u00fa platn\u00e9 1&nbsp;de\u0148.\r\n\r\n\r\n<h3 class=\"wp-block-heading\">Vlo\u017een\u00fd obsah z&nbsp;in\u00fdch webov\u00fdch str\u00e1nok<\/h3>\r\n\r\n\r\n\u010cl\u00e1nky na&nbsp;tejto webovej str\u00e1nke m\u00f4\u017eu obsahova\u0165 vlo\u017een\u00fd obsah (napr.&nbsp;vide\u00e1, obr\u00e1zky, \u010dl\u00e1nky a&nbsp;podobne). Vlo\u017een\u00fd obsah z&nbsp;in\u00fdch str\u00e1nok sa chov\u00e1 rovnako, akoby n\u00e1v\u0161tevn\u00edk nav\u0161t\u00edvil in\u00fa webov\u00fa str\u00e1nku.\r\n\r\n\r\n\r\nTieto webov\u00e9 str\u00e1nky m\u00f4\u017eu o&nbsp;v\u00e1s zbiera\u0165 osobn\u00e9 \u00fadaje, pou\u017e\u00edva\u0165 s\u00fabory cookies, vklada\u0165 tre\u0165o-strann\u00e9 sledovanie a&nbsp;monitorova\u0165 va\u0161u interakciu s&nbsp;vlo\u017een\u00fdm obsahom, v\u010detne sledovania va\u0161ej interakcie s&nbsp;vlo\u017een\u00fdm obsahom, ak na&nbsp;danej webovej str\u00e1nke m\u00e1te \u00fa\u010det a&nbsp;ste prihl\u00e1sen\u00fd.\r\n\r\n\r\n<h3 class=\"wp-block-heading\">Analytika<\/h3>\r\n\r\n<h2 class=\"wp-block-heading\">S k\u00fdm&nbsp;zdie\u013eame va\u0161e \u00fadaje<\/h2>\r\n\r\n<h2 class=\"wp-block-heading\">Ako dlho uchov\u00e1vame va\u0161e \u00fadaje<\/h2>\r\n\r\n\r\nPri&nbsp;prid\u00e1van\u00ed koment\u00e1ra, koment\u00e1r a&nbsp;jeho meta\u00fadaje s\u00fa uchov\u00e1van\u00e9 oddelene. V\u010faka tomu vieme automaticky rozpozna\u0165 a&nbsp;schv\u00e1li\u0165 ak\u00e9ko\u013evek s\u00favisiace koment\u00e1re bez&nbsp;toho, aby&nbsp;museli by\u0165 podr\u017ean\u00e9 na&nbsp;moder\u00e1ciu.\r\n\r\n\r\n\r\nPre&nbsp;pou\u017e\u00edvate\u013eov, ktor\u00ed sa zaregistruj\u00fa na&nbsp;na\u0161ich webov\u00fdch str\u00e1nkach (ak tak\u00ed existuj\u00fa), uklad\u00e1me aj&nbsp;osobn\u00e9 \u00fadaje, ktor\u00e9 poskytuj\u00fa, do&nbsp;ich u\u017e\u00edvate\u013esk\u00e9ho profilu. V\u0161etci pou\u017e\u00edvatelia m\u00f4\u017eu kedyko\u013evek zobrazi\u0165, upravi\u0165 alebo&nbsp;odstr\u00e1ni\u0165 svoje osobn\u00e9 \u00fadaje (okrem zmeny pou\u017e\u00edvate\u013esk\u00e9ho). Spr\u00e1vcovia webov\u00fdch str\u00e1nok tie\u017e m\u00f4\u017eu zobrazi\u0165 a&nbsp;upravi\u0165 tieto inform\u00e1cie.\r\n\r\n\r\n<h2 class=\"wp-block-heading\">Ak\u00e9 pr\u00e1va m\u00e1te nad&nbsp;svojimi \u00fadajmi<\/h2>\r\n\r\n\r\nAk na&nbsp;tejto webovej str\u00e1nke m\u00e1te \u00fa\u010det, alebo&nbsp;ste tu pridali koment\u00e1r, m\u00f4\u017eete po\u017eiada\u0165 o&nbsp;export va\u0161ich osobn\u00fdch \u00fadajov, ktor\u00e9 o&nbsp;v\u00e1s uklad\u00e1me, v\u010detne \u00fadajov, ktor\u00e9 ste n\u00e1m poskytli. M\u00f4\u017eete tak&nbsp;isto po\u017eiada\u0165 o&nbsp;vymazanie osobn\u00fdch \u00fadajov. To&nbsp;sa ale net\u00fdka \u00fadajov, ktor\u00e9 o&nbsp;v\u00e1s mus\u00edme uchov\u00e1va\u0165 z&nbsp;administrat\u00edvnych, pr\u00e1vnych alebo&nbsp;bezpe\u010dnostn\u00fdch d\u00f4vodov.\r\n\r\n\r\n<h2 class=\"wp-block-heading\">Kam posielame va\u0161e \u00fadaje<\/h2>\r\n\r\n\r\nKoment\u00e1re n\u00e1v\u0161tevn\u00edkov m\u00f4\u017eu by\u0165 kontrolovan\u00e9 prostredn\u00edctvom automatizovanej slu\u017eby na&nbsp;detekciu spamu.\r\n\r\n\r\n<h2 class=\"wp-block-heading\">Va\u0161e kontaktn\u00e9 inform\u00e1cie<\/h2>\r\n\r\n<h2 class=\"wp-block-heading\">Dodato\u010dn\u00e9 inform\u00e1cie<\/h2>\r\n\r\n<h3 class=\"wp-block-heading\">Ako chr\u00e1nime va\u0161e \u00fadaje<\/h3>\r\n\r\n<h3 class=\"wp-block-heading\">Ak\u00e9 m\u00e1me procesy pri&nbsp;\u00faniku d\u00e1t<\/h3>\r\n\r\n<h3 class=\"wp-block-heading\">Z ak\u00fdch tret\u00edch str\u00e1n z\u00edskavame \u00fadaje<\/h3>\r\n\r\n<h3 class=\"wp-block-heading\">Ak\u00e9 automatizovan\u00e9 rozhodovanie (spracovanie) a\/alebo profilovanie rob\u00edme s&nbsp;\u00fadajmi pou\u017e\u00edvate\u013ea.<\/h3>\r\n\r\n<h3 class=\"wp-block-heading\">Po\u017eiadavky na&nbsp;zverej\u0148ovanie pr\u00e1vnych predpisov v&nbsp;regulovanom odvetv\u00ed<\/h3>\r\n","protected":false},"excerpt":{"rendered":"<p>Kto sme Adresa na\u0161ej webovej str\u00e1nky je: https:\/\/www.btlaw.sk. Ak\u00e9 osobn\u00e9 \u00fadaje z\u00edskavame a&nbsp;pre\u010do ich zbierame Koment\u00e1re Ke\u010f&nbsp;n\u00e1v\u0161tevn\u00edci webu zanechavaj\u00fa na&nbsp;str\u00e1nke koment\u00e1re, zbierame \u00fadaje, ktor\u00e9 s\u00fa zobrazen\u00e9 vo&nbsp;formul\u00e1ri koment\u00e1ra a&nbsp;taktie\u017e IP adresu pou\u017e\u00edvate\u013eov a&nbsp;user-agent prehliada\u010da z&nbsp;d\u00f4vodu ochrany proti&nbsp;spamu. Anonymizovan\u00fd re\u0165azec vytvoren\u00fd z&nbsp;va\u0161ej e-mailovej adresy (naz\u00fdvan\u00fd aj&nbsp;hash) m\u00f4\u017ee by\u0165 poskytnut\u00fd slu\u017ebe Gravatar pre&nbsp;overenie, \u010di&nbsp;ju pou\u017e\u00edvate. Z\u00e1sady ochrany [&hellip;]<\/p>\n","protected":false},"author":1,"featured_media":0,"parent":0,"menu_order":0,"comment_status":"closed","ping_status":"open","template":"","meta":{"_monsterinsights_skip_tracking":false,"_monsterinsights_sitenote_active":false,"_monsterinsights_sitenote_note":"","_monsterinsights_sitenote_category":0,"_uf_show_specific_survey":0,"_uf_disable_surveys":false,"footnotes":""},"yoast_head":"<!-- This site is optimized with the Yoast SEO plugin v22.8 - https:\/\/yoast.com\/wordpress\/plugins\/seo\/ -->\n<title>BTLAW -<\/title>\n<meta name=\"robots\" content=\"index, follow, max-snippet:-1, max-image-preview:large, max-video-preview:-1\" \/>\n<link rel=\"canonical\" href=\"https:\/\/www.btlaw.sk\/en\/zasady-ochrany-osobnych-udajov\/\" \/>\n<meta property=\"og:locale\" content=\"en_US\" \/>\n<meta property=\"og:type\" content=\"article\" \/>\n<meta property=\"og:title\" content=\"BTLAW -\" \/>\n<meta property=\"og:description\" content=\"Kto sme Adresa na\u0161ej webovej str\u00e1nky je: https:\/\/www.btlaw.sk. Ak\u00e9 osobn\u00e9 \u00fadaje z\u00edskavame a&nbsp;pre\u010do ich zbierame Koment\u00e1re Ke\u010f&nbsp;n\u00e1v\u0161tevn\u00edci webu zanechavaj\u00fa na&nbsp;str\u00e1nke koment\u00e1re, zbierame \u00fadaje, ktor\u00e9 s\u00fa zobrazen\u00e9 vo&nbsp;formul\u00e1ri koment\u00e1ra a&nbsp;taktie\u017e IP adresu pou\u017e\u00edvate\u013eov a&nbsp;user-agent prehliada\u010da z&nbsp;d\u00f4vodu ochrany proti&nbsp;spamu. Anonymizovan\u00fd re\u0165azec vytvoren\u00fd z&nbsp;va\u0161ej e-mailovej adresy (naz\u00fdvan\u00fd aj&nbsp;hash) m\u00f4\u017ee by\u0165 poskytnut\u00fd slu\u017ebe Gravatar pre&nbsp;overenie, \u010di&nbsp;ju pou\u017e\u00edvate. Z\u00e1sady ochrany [&hellip;]\" \/>\n<meta property=\"og:url\" content=\"https:\/\/www.btlaw.sk\/zasady-ochrany-osobnych-udajov\/\" \/>\n<meta property=\"og:site_name\" content=\"BTLAW\" \/>\n<meta name=\"twitter:card\" content=\"summary_large_image\" \/>\n<meta name=\"twitter:label1\" content=\"Est. reading time\" \/>\n\t<meta name=\"twitter:data1\" content=\"4 minutes\" \/>\n<script type=\"application\/ld+json\" class=\"yoast-schema-graph\">{\"@context\":\"https:\/\/schema.org\",\"@graph\":[{\"@type\":\"WebPage\",\"@id\":\"https:\/\/www.btlaw.sk\/zasady-ochrany-osobnych-udajov\/\",\"url\":\"https:\/\/www.btlaw.sk\/zasady-ochrany-osobnych-udajov\/\",\"name\":\"BTLAW -\",\"isPartOf\":{\"@id\":\"https:\/\/www.btlaw.sk\/#website\"},\"datePublished\":\"2020-02-28T23:05:33+00:00\",\"dateModified\":\"2020-02-28T23:05:33+00:00\",\"breadcrumb\":{\"@id\":\"https:\/\/www.btlaw.sk\/zasady-ochrany-osobnych-udajov\/#breadcrumb\"},\"inLanguage\":\"en-US\",\"potentialAction\":[{\"@type\":\"ReadAction\",\"target\":[\"https:\/\/www.btlaw.sk\/zasady-ochrany-osobnych-udajov\/\"]}]},{\"@type\":\"BreadcrumbList\",\"@id\":\"https:\/\/www.btlaw.sk\/zasady-ochrany-osobnych-udajov\/#breadcrumb\",\"itemListElement\":[{\"@type\":\"ListItem\",\"position\":1,\"name\":\"Home\",\"item\":\"https:\/\/www.btlaw.sk\/domov-3\/\"},{\"@type\":\"ListItem\",\"position\":2,\"name\":\"Z\u00e1sady ochrany osobn\u00fdch \u00fadajov\"}]},{\"@type\":\"WebSite\",\"@id\":\"https:\/\/www.btlaw.sk\/#website\",\"url\":\"https:\/\/www.btlaw.sk\/\",\"name\":\"BTLAW\",\"description\":\"Pr\u00e1vnici pre v\u00e1\u0161 biznis a technol\u00f3gie\",\"publisher\":{\"@id\":\"https:\/\/www.btlaw.sk\/#organization\"},\"potentialAction\":[{\"@type\":\"SearchAction\",\"target\":{\"@type\":\"EntryPoint\",\"urlTemplate\":\"https:\/\/www.btlaw.sk\/?s={search_term_string}\"},\"query-input\":\"required name=search_term_string\"}],\"inLanguage\":\"en-US\"},{\"@type\":\"Organization\",\"@id\":\"https:\/\/www.btlaw.sk\/#organization\",\"name\":\"BU\u017dEK & TEREM advok\u00e1ti\",\"url\":\"https:\/\/www.btlaw.sk\/\",\"logo\":{\"@type\":\"ImageObject\",\"inLanguage\":\"en-US\",\"@id\":\"https:\/\/www.btlaw.sk\/#\/schema\/logo\/image\/\",\"url\":\"https:\/\/www.btlaw.sk\/wp-content\/uploads\/2020\/06\/logo-zakladne-pre-online-transparent.png\",\"contentUrl\":\"https:\/\/www.btlaw.sk\/wp-content\/uploads\/2020\/06\/logo-zakladne-pre-online-transparent.png\",\"width\":1200,\"height\":793,\"caption\":\"BU\u017dEK & TEREM advok\u00e1ti\"},\"image\":{\"@id\":\"https:\/\/www.btlaw.sk\/#\/schema\/logo\/image\/\"}}]}<\/script>\n<!-- \/ Yoast SEO plugin. -->","yoast_head_json":{"title":"BTLAW -","robots":{"index":"index","follow":"follow","max-snippet":"max-snippet:-1","max-image-preview":"max-image-preview:large","max-video-preview":"max-video-preview:-1"},"canonical":"https:\/\/www.btlaw.sk\/en\/zasady-ochrany-osobnych-udajov\/","og_locale":"en_US","og_type":"article","og_title":"BTLAW -","og_description":"Kto sme Adresa na\u0161ej webovej str\u00e1nky je: https:\/\/www.btlaw.sk. Ak\u00e9 osobn\u00e9 \u00fadaje z\u00edskavame a&nbsp;pre\u010do ich zbierame Koment\u00e1re Ke\u010f&nbsp;n\u00e1v\u0161tevn\u00edci webu zanechavaj\u00fa na&nbsp;str\u00e1nke koment\u00e1re, zbierame \u00fadaje, ktor\u00e9 s\u00fa zobrazen\u00e9 vo&nbsp;formul\u00e1ri koment\u00e1ra a&nbsp;taktie\u017e IP adresu pou\u017e\u00edvate\u013eov a&nbsp;user-agent prehliada\u010da z&nbsp;d\u00f4vodu ochrany proti&nbsp;spamu. Anonymizovan\u00fd re\u0165azec vytvoren\u00fd z&nbsp;va\u0161ej e-mailovej adresy (naz\u00fdvan\u00fd aj&nbsp;hash) m\u00f4\u017ee by\u0165 poskytnut\u00fd slu\u017ebe Gravatar pre&nbsp;overenie, \u010di&nbsp;ju pou\u017e\u00edvate. Z\u00e1sady ochrany [&hellip;]","og_url":"https:\/\/www.btlaw.sk\/zasady-ochrany-osobnych-udajov\/","og_site_name":"BTLAW","twitter_card":"summary_large_image","twitter_misc":{"Est. reading time":"4 minutes"},"schema":{"@context":"https:\/\/schema.org","@graph":[{"@type":"WebPage","@id":"https:\/\/www.btlaw.sk\/zasady-ochrany-osobnych-udajov\/","url":"https:\/\/www.btlaw.sk\/zasady-ochrany-osobnych-udajov\/","name":"BTLAW -","isPartOf":{"@id":"https:\/\/www.btlaw.sk\/#website"},"datePublished":"2020-02-28T23:05:33+00:00","dateModified":"2020-02-28T23:05:33+00:00","breadcrumb":{"@id":"https:\/\/www.btlaw.sk\/zasady-ochrany-osobnych-udajov\/#breadcrumb"},"inLanguage":"en-US","potentialAction":[{"@type":"ReadAction","target":["https:\/\/www.btlaw.sk\/zasady-ochrany-osobnych-udajov\/"]}]},{"@type":"BreadcrumbList","@id":"https:\/\/www.btlaw.sk\/zasady-ochrany-osobnych-udajov\/#breadcrumb","itemListElement":[{"@type":"ListItem","position":1,"name":"Home","item":"https:\/\/www.btlaw.sk\/domov-3\/"},{"@type":"ListItem","position":2,"name":"Z\u00e1sady ochrany osobn\u00fdch \u00fadajov"}]},{"@type":"WebSite","@id":"https:\/\/www.btlaw.sk\/#website","url":"https:\/\/www.btlaw.sk\/","name":"BTLAW","description":"Pr\u00e1vnici pre v\u00e1\u0161 biznis a technol\u00f3gie","publisher":{"@id":"https:\/\/www.btlaw.sk\/#organization"},"potentialAction":[{"@type":"SearchAction","target":{"@type":"EntryPoint","urlTemplate":"https:\/\/www.btlaw.sk\/?s={search_term_string}"},"query-input":"required name=search_term_string"}],"inLanguage":"en-US"},{"@type":"Organization","@id":"https:\/\/www.btlaw.sk\/#organization","name":"BU\u017dEK & TEREM advok\u00e1ti","url":"https:\/\/www.btlaw.sk\/","logo":{"@type":"ImageObject","inLanguage":"en-US","@id":"https:\/\/www.btlaw.sk\/#\/schema\/logo\/image\/","url":"https:\/\/www.btlaw.sk\/wp-content\/uploads\/2020\/06\/logo-zakladne-pre-online-transparent.png","contentUrl":"https:\/\/www.btlaw.sk\/wp-content\/uploads\/2020\/06\/logo-zakladne-pre-online-transparent.png","width":1200,"height":793,"caption":"BU\u017dEK & TEREM advok\u00e1ti"},"image":{"@id":"https:\/\/www.btlaw.sk\/#\/schema\/logo\/image\/"}}]}},"_links":{"self":[{"href":"https:\/\/www.btlaw.sk\/en\/wp-json\/wp\/v2\/pages\/536\/"}],"collection":[{"href":"https:\/\/www.btlaw.sk\/en\/wp-json\/wp\/v2\/pages\/"}],"about":[{"href":"https:\/\/www.btlaw.sk\/en\/wp-json\/wp\/v2\/types\/page\/"}],"author":[{"embeddable":true,"href":"https:\/\/www.btlaw.sk\/en\/wp-json\/wp\/v2\/users\/1\/"}],"replies":[{"embeddable":true,"href":"https:\/\/www.btlaw.sk\/en\/wp-json\/wp\/v2\/comments\/?post=536"}],"version-history":[{"count":1,"href":"https:\/\/www.btlaw.sk\/en\/wp-json\/wp\/v2\/pages\/536\/revisions\/"}],"predecessor-version":[{"id":551,"href":"https:\/\/www.btlaw.sk\/en\/wp-json\/wp\/v2\/pages\/536\/revisions\/551\/"}],"wp:attachment":[{"href":"https:\/\/www.btlaw.sk\/en\/wp-json\/wp\/v2\/media\/?parent=536"}],"curies":[{"name":"wp","href":"https:\/\/api.w.org\/{rel}","templated":true}]}}