{"id":493,"date":"2020-02-13T14:40:32","date_gmt":"2020-02-13T13:40:32","guid":{"rendered":"https:\/\/www.btlaw.sk\/?page_id=493"},"modified":"2025-01-20T14:07:27","modified_gmt":"2025-01-20T13:07:27","slug":"inspections-controls-state","status":"publish","type":"page","link":"https:\/\/www.btlaw.sk\/en\/inspections-controls-state\/","title":{"rendered":"Penalties, fines and sactions"},"content":{"rendered":"","protected":false},"excerpt":{"rendered":"","protected":false},"author":1,"featured_media":0,"parent":0,"menu_order":0,"comment_status":"closed","ping_status":"closed","template":"template-sluzba.php","meta":{"_monsterinsights_skip_tracking":false,"_monsterinsights_sitenote_active":false,"_monsterinsights_sitenote_note":"","_monsterinsights_sitenote_category":0,"_uf_show_specific_survey":0,"_uf_disable_surveys":false,"footnotes":""},"yoast_head":"<!-- This site is optimized with the Yoast SEO plugin v22.8 - https:\/\/yoast.com\/wordpress\/plugins\/seo\/ -->\n<title>BTLAW - Penalties and sanctions<\/title>\n<meta name=\"description\" content=\"We defend clients in proceedings initiated by state authorities. Labour Inspections. Appeals against inspection protocols and administrative decisions.\" \/>\n<meta name=\"robots\" content=\"index, follow, max-snippet:-1, max-image-preview:large, max-video-preview:-1\" \/>\n<link rel=\"canonical\" href=\"https:\/\/www.btlaw.sk\/en\/inspections-controls-state\/\" \/>\n<meta property=\"og:locale\" content=\"en_US\" \/>\n<meta property=\"og:type\" content=\"article\" \/>\n<meta property=\"og:title\" content=\"BTLAW - Penalties and sanctions\" \/>\n<meta property=\"og:description\" content=\"We defend clients in proceedings initiated by state authorities. Labour Inspections. Appeals against inspection protocols and administrative decisions.\" \/>\n<meta property=\"og:url\" content=\"https:\/\/www.btlaw.sk\/inspections-controls-state\/\" \/>\n<meta property=\"og:site_name\" content=\"BTLAW\" \/>\n<meta property=\"article:modified_time\" content=\"2025-01-20T13:07:27+00:00\" \/>\n<meta name=\"twitter:card\" content=\"summary_large_image\" \/>\n<script type=\"application\/ld+json\" class=\"yoast-schema-graph\">{\"@context\":\"https:\/\/schema.org\",\"@graph\":[{\"@type\":\"WebPage\",\"@id\":\"https:\/\/www.btlaw.sk\/inspections-controls-state\/\",\"url\":\"https:\/\/www.btlaw.sk\/inspections-controls-state\/\",\"name\":\"BTLAW - Penalties and sanctions\",\"isPartOf\":{\"@id\":\"https:\/\/www.btlaw.sk\/#website\"},\"datePublished\":\"2020-02-13T13:40:32+00:00\",\"dateModified\":\"2025-01-20T13:07:27+00:00\",\"description\":\"We defend clients in proceedings initiated by state authorities. Labour Inspections. Appeals against inspection protocols and administrative decisions.\",\"breadcrumb\":{\"@id\":\"https:\/\/www.btlaw.sk\/inspections-controls-state\/#breadcrumb\"},\"inLanguage\":\"en-US\",\"potentialAction\":[{\"@type\":\"ReadAction\",\"target\":[\"https:\/\/www.btlaw.sk\/inspections-controls-state\/\"]}]},{\"@type\":\"BreadcrumbList\",\"@id\":\"https:\/\/www.btlaw.sk\/inspections-controls-state\/#breadcrumb\",\"itemListElement\":[{\"@type\":\"ListItem\",\"position\":1,\"name\":\"Home\",\"item\":\"https:\/\/www.btlaw.sk\/domov-3\/\"},{\"@type\":\"ListItem\",\"position\":2,\"name\":\"Penalties, fines and sactions\"}]},{\"@type\":\"WebSite\",\"@id\":\"https:\/\/www.btlaw.sk\/#website\",\"url\":\"https:\/\/www.btlaw.sk\/\",\"name\":\"BTLAW\",\"description\":\"Pr\u00e1vnici pre v\u00e1\u0161 biznis a technol\u00f3gie\",\"publisher\":{\"@id\":\"https:\/\/www.btlaw.sk\/#organization\"},\"potentialAction\":[{\"@type\":\"SearchAction\",\"target\":{\"@type\":\"EntryPoint\",\"urlTemplate\":\"https:\/\/www.btlaw.sk\/?s={search_term_string}\"},\"query-input\":\"required name=search_term_string\"}],\"inLanguage\":\"en-US\"},{\"@type\":\"Organization\",\"@id\":\"https:\/\/www.btlaw.sk\/#organization\",\"name\":\"BU\u017dEK & TEREM advok\u00e1ti\",\"url\":\"https:\/\/www.btlaw.sk\/\",\"logo\":{\"@type\":\"ImageObject\",\"inLanguage\":\"en-US\",\"@id\":\"https:\/\/www.btlaw.sk\/#\/schema\/logo\/image\/\",\"url\":\"https:\/\/www.btlaw.sk\/wp-content\/uploads\/2020\/06\/logo-zakladne-pre-online-transparent.png\",\"contentUrl\":\"https:\/\/www.btlaw.sk\/wp-content\/uploads\/2020\/06\/logo-zakladne-pre-online-transparent.png\",\"width\":1200,\"height\":793,\"caption\":\"BU\u017dEK & TEREM advok\u00e1ti\"},\"image\":{\"@id\":\"https:\/\/www.btlaw.sk\/#\/schema\/logo\/image\/\"}}]}<\/script>\n<!-- \/ Yoast SEO plugin. -->","yoast_head_json":{"title":"BTLAW - Penalties and sanctions","description":"We defend clients in proceedings initiated by state authorities. Labour Inspections. Appeals against inspection protocols and administrative decisions.","robots":{"index":"index","follow":"follow","max-snippet":"max-snippet:-1","max-image-preview":"max-image-preview:large","max-video-preview":"max-video-preview:-1"},"canonical":"https:\/\/www.btlaw.sk\/en\/inspections-controls-state\/","og_locale":"en_US","og_type":"article","og_title":"BTLAW - Penalties and sanctions","og_description":"We defend clients in proceedings initiated by state authorities. Labour Inspections. Appeals against inspection protocols and administrative decisions.","og_url":"https:\/\/www.btlaw.sk\/inspections-controls-state\/","og_site_name":"BTLAW","article_modified_time":"2025-01-20T13:07:27+00:00","twitter_card":"summary_large_image","schema":{"@context":"https:\/\/schema.org","@graph":[{"@type":"WebPage","@id":"https:\/\/www.btlaw.sk\/inspections-controls-state\/","url":"https:\/\/www.btlaw.sk\/inspections-controls-state\/","name":"BTLAW - Penalties and sanctions","isPartOf":{"@id":"https:\/\/www.btlaw.sk\/#website"},"datePublished":"2020-02-13T13:40:32+00:00","dateModified":"2025-01-20T13:07:27+00:00","description":"We defend clients in proceedings initiated by state authorities. Labour Inspections. Appeals against inspection protocols and administrative decisions.","breadcrumb":{"@id":"https:\/\/www.btlaw.sk\/inspections-controls-state\/#breadcrumb"},"inLanguage":"en-US","potentialAction":[{"@type":"ReadAction","target":["https:\/\/www.btlaw.sk\/inspections-controls-state\/"]}]},{"@type":"BreadcrumbList","@id":"https:\/\/www.btlaw.sk\/inspections-controls-state\/#breadcrumb","itemListElement":[{"@type":"ListItem","position":1,"name":"Home","item":"https:\/\/www.btlaw.sk\/domov-3\/"},{"@type":"ListItem","position":2,"name":"Penalties, fines and sactions"}]},{"@type":"WebSite","@id":"https:\/\/www.btlaw.sk\/#website","url":"https:\/\/www.btlaw.sk\/","name":"BTLAW","description":"Pr\u00e1vnici pre v\u00e1\u0161 biznis a technol\u00f3gie","publisher":{"@id":"https:\/\/www.btlaw.sk\/#organization"},"potentialAction":[{"@type":"SearchAction","target":{"@type":"EntryPoint","urlTemplate":"https:\/\/www.btlaw.sk\/?s={search_term_string}"},"query-input":"required name=search_term_string"}],"inLanguage":"en-US"},{"@type":"Organization","@id":"https:\/\/www.btlaw.sk\/#organization","name":"BU\u017dEK & TEREM advok\u00e1ti","url":"https:\/\/www.btlaw.sk\/","logo":{"@type":"ImageObject","inLanguage":"en-US","@id":"https:\/\/www.btlaw.sk\/#\/schema\/logo\/image\/","url":"https:\/\/www.btlaw.sk\/wp-content\/uploads\/2020\/06\/logo-zakladne-pre-online-transparent.png","contentUrl":"https:\/\/www.btlaw.sk\/wp-content\/uploads\/2020\/06\/logo-zakladne-pre-online-transparent.png","width":1200,"height":793,"caption":"BU\u017dEK & TEREM advok\u00e1ti"},"image":{"@id":"https:\/\/www.btlaw.sk\/#\/schema\/logo\/image\/"}}]}},"_links":{"self":[{"href":"https:\/\/www.btlaw.sk\/en\/wp-json\/wp\/v2\/pages\/493\/"}],"collection":[{"href":"https:\/\/www.btlaw.sk\/en\/wp-json\/wp\/v2\/pages\/"}],"about":[{"href":"https:\/\/www.btlaw.sk\/en\/wp-json\/wp\/v2\/types\/page\/"}],"author":[{"embeddable":true,"href":"https:\/\/www.btlaw.sk\/en\/wp-json\/wp\/v2\/users\/1\/"}],"replies":[{"embeddable":true,"href":"https:\/\/www.btlaw.sk\/en\/wp-json\/wp\/v2\/comments\/?post=493"}],"version-history":[{"count":6,"href":"https:\/\/www.btlaw.sk\/en\/wp-json\/wp\/v2\/pages\/493\/revisions\/"}],"predecessor-version":[{"id":1502,"href":"https:\/\/www.btlaw.sk\/en\/wp-json\/wp\/v2\/pages\/493\/revisions\/1502\/"}],"wp:attachment":[{"href":"https:\/\/www.btlaw.sk\/en\/wp-json\/wp\/v2\/media\/?parent=493"}],"curies":[{"name":"wp","href":"https:\/\/api.w.org\/{rel}","templated":true}]}}