{"id":485,"date":"2020-01-17T18:54:19","date_gmt":"2020-01-17T17:54:19","guid":{"rendered":"https:\/\/www.btlaw.sk\/?page_id=485"},"modified":"2026-04-11T10:17:16","modified_gmt":"2026-04-11T08:17:16","slug":"law_firm_slovakia_english","status":"publish","type":"page","link":"https:\/\/www.btlaw.sk\/en\/law_firm_slovakia_english\/","title":{"rendered":"Who we are"},"content":{"rendered":"<pre id=\"tw-target-text\" class=\"tw-data-text tw-text-large tw-ta\" dir=\"ltr\" data-placeholder=\"P\u0159eklad\" data-ved=\"2ahUKEwiQn_qJ3suDAxUgcvEDHdR7CGsQ3ewLegQIDhAQ\"><\/pre>\n","protected":false},"excerpt":{"rendered":"","protected":false},"author":1,"featured_media":0,"parent":0,"menu_order":0,"comment_status":"closed","ping_status":"closed","template":"template-kto-sme.php","meta":{"_monsterinsights_skip_tracking":false,"_monsterinsights_sitenote_active":false,"_monsterinsights_sitenote_note":"","_monsterinsights_sitenote_category":0,"_uf_show_specific_survey":0,"_uf_disable_surveys":false,"footnotes":""},"yoast_head":"<!-- This site is optimized with the Yoast SEO plugin v22.8 - https:\/\/yoast.com\/wordpress\/plugins\/seo\/ -->\n<title>BTLAW - Slovak law firm - Who we are<\/title>\n<meta name=\"description\" content=\"We are business and technology lawyers with at least 15 years of individual professional expertise in our respective fields. We speak Slovak, English and French. Read more about our law firm.\" \/>\n<meta name=\"robots\" content=\"index, follow, max-snippet:-1, max-image-preview:large, max-video-preview:-1\" \/>\n<link rel=\"canonical\" href=\"https:\/\/www.btlaw.sk\/en\/law_firm_slovakia_english\/\" \/>\n<meta property=\"og:locale\" content=\"en_US\" \/>\n<meta property=\"og:type\" content=\"article\" \/>\n<meta property=\"og:title\" content=\"BTLAW - Slovak law firm - Who we are\" \/>\n<meta property=\"og:description\" content=\"We are business and technology lawyers with at least 15 years of individual professional expertise in our respective fields. We speak Slovak, English and French. Read more about our law firm.\" \/>\n<meta property=\"og:url\" content=\"https:\/\/www.btlaw.sk\/law_firm_slovakia_english\/\" \/>\n<meta property=\"og:site_name\" content=\"BTLAW\" \/>\n<meta property=\"article:modified_time\" content=\"2026-04-11T08:17:16+00:00\" \/>\n<meta name=\"twitter:card\" content=\"summary_large_image\" \/>\n<script type=\"application\/ld+json\" class=\"yoast-schema-graph\">{\"@context\":\"https:\/\/schema.org\",\"@graph\":[{\"@type\":\"WebPage\",\"@id\":\"https:\/\/www.btlaw.sk\/law_firm_slovakia_english\/\",\"url\":\"https:\/\/www.btlaw.sk\/law_firm_slovakia_english\/\",\"name\":\"BTLAW - Slovak law firm - Who we are\",\"isPartOf\":{\"@id\":\"https:\/\/www.btlaw.sk\/#website\"},\"datePublished\":\"2020-01-17T17:54:19+00:00\",\"dateModified\":\"2026-04-11T08:17:16+00:00\",\"description\":\"We are business and technology lawyers with at least 15 years of individual professional expertise in our respective fields. We speak Slovak, English and French. Read more about our law firm.\",\"breadcrumb\":{\"@id\":\"https:\/\/www.btlaw.sk\/law_firm_slovakia_english\/#breadcrumb\"},\"inLanguage\":\"en-US\",\"potentialAction\":[{\"@type\":\"ReadAction\",\"target\":[\"https:\/\/www.btlaw.sk\/law_firm_slovakia_english\/\"]}]},{\"@type\":\"BreadcrumbList\",\"@id\":\"https:\/\/www.btlaw.sk\/law_firm_slovakia_english\/#breadcrumb\",\"itemListElement\":[{\"@type\":\"ListItem\",\"position\":1,\"name\":\"Home\",\"item\":\"https:\/\/www.btlaw.sk\/domov-3\/\"},{\"@type\":\"ListItem\",\"position\":2,\"name\":\"Who we are\"}]},{\"@type\":\"WebSite\",\"@id\":\"https:\/\/www.btlaw.sk\/#website\",\"url\":\"https:\/\/www.btlaw.sk\/\",\"name\":\"BTLAW\",\"description\":\"Pr\u00e1vnici pre v\u00e1\u0161 biznis a technol\u00f3gie\",\"publisher\":{\"@id\":\"https:\/\/www.btlaw.sk\/#organization\"},\"potentialAction\":[{\"@type\":\"SearchAction\",\"target\":{\"@type\":\"EntryPoint\",\"urlTemplate\":\"https:\/\/www.btlaw.sk\/?s={search_term_string}\"},\"query-input\":\"required name=search_term_string\"}],\"inLanguage\":\"en-US\"},{\"@type\":\"Organization\",\"@id\":\"https:\/\/www.btlaw.sk\/#organization\",\"name\":\"BU\u017dEK & TEREM advok\u00e1ti\",\"url\":\"https:\/\/www.btlaw.sk\/\",\"logo\":{\"@type\":\"ImageObject\",\"inLanguage\":\"en-US\",\"@id\":\"https:\/\/www.btlaw.sk\/#\/schema\/logo\/image\/\",\"url\":\"https:\/\/www.btlaw.sk\/wp-content\/uploads\/2020\/06\/logo-zakladne-pre-online-transparent.png\",\"contentUrl\":\"https:\/\/www.btlaw.sk\/wp-content\/uploads\/2020\/06\/logo-zakladne-pre-online-transparent.png\",\"width\":1200,\"height\":793,\"caption\":\"BU\u017dEK & TEREM advok\u00e1ti\"},\"image\":{\"@id\":\"https:\/\/www.btlaw.sk\/#\/schema\/logo\/image\/\"}}]}<\/script>\n<!-- \/ Yoast SEO plugin. -->","yoast_head_json":{"title":"BTLAW - Slovak law firm - Who we are","description":"We are business and technology lawyers with at least 15 years of individual professional expertise in our respective fields. We speak Slovak, English and French. Read more about our law firm.","robots":{"index":"index","follow":"follow","max-snippet":"max-snippet:-1","max-image-preview":"max-image-preview:large","max-video-preview":"max-video-preview:-1"},"canonical":"https:\/\/www.btlaw.sk\/en\/law_firm_slovakia_english\/","og_locale":"en_US","og_type":"article","og_title":"BTLAW - Slovak law firm - Who we are","og_description":"We are business and technology lawyers with at least 15 years of individual professional expertise in our respective fields. We speak Slovak, English and French. Read more about our law firm.","og_url":"https:\/\/www.btlaw.sk\/law_firm_slovakia_english\/","og_site_name":"BTLAW","article_modified_time":"2026-04-11T08:17:16+00:00","twitter_card":"summary_large_image","schema":{"@context":"https:\/\/schema.org","@graph":[{"@type":"WebPage","@id":"https:\/\/www.btlaw.sk\/law_firm_slovakia_english\/","url":"https:\/\/www.btlaw.sk\/law_firm_slovakia_english\/","name":"BTLAW - Slovak law firm - Who we are","isPartOf":{"@id":"https:\/\/www.btlaw.sk\/#website"},"datePublished":"2020-01-17T17:54:19+00:00","dateModified":"2026-04-11T08:17:16+00:00","description":"We are business and technology lawyers with at least 15 years of individual professional expertise in our respective fields. We speak Slovak, English and French. Read more about our law firm.","breadcrumb":{"@id":"https:\/\/www.btlaw.sk\/law_firm_slovakia_english\/#breadcrumb"},"inLanguage":"en-US","potentialAction":[{"@type":"ReadAction","target":["https:\/\/www.btlaw.sk\/law_firm_slovakia_english\/"]}]},{"@type":"BreadcrumbList","@id":"https:\/\/www.btlaw.sk\/law_firm_slovakia_english\/#breadcrumb","itemListElement":[{"@type":"ListItem","position":1,"name":"Home","item":"https:\/\/www.btlaw.sk\/domov-3\/"},{"@type":"ListItem","position":2,"name":"Who we are"}]},{"@type":"WebSite","@id":"https:\/\/www.btlaw.sk\/#website","url":"https:\/\/www.btlaw.sk\/","name":"BTLAW","description":"Pr\u00e1vnici pre v\u00e1\u0161 biznis a technol\u00f3gie","publisher":{"@id":"https:\/\/www.btlaw.sk\/#organization"},"potentialAction":[{"@type":"SearchAction","target":{"@type":"EntryPoint","urlTemplate":"https:\/\/www.btlaw.sk\/?s={search_term_string}"},"query-input":"required name=search_term_string"}],"inLanguage":"en-US"},{"@type":"Organization","@id":"https:\/\/www.btlaw.sk\/#organization","name":"BU\u017dEK & TEREM advok\u00e1ti","url":"https:\/\/www.btlaw.sk\/","logo":{"@type":"ImageObject","inLanguage":"en-US","@id":"https:\/\/www.btlaw.sk\/#\/schema\/logo\/image\/","url":"https:\/\/www.btlaw.sk\/wp-content\/uploads\/2020\/06\/logo-zakladne-pre-online-transparent.png","contentUrl":"https:\/\/www.btlaw.sk\/wp-content\/uploads\/2020\/06\/logo-zakladne-pre-online-transparent.png","width":1200,"height":793,"caption":"BU\u017dEK & TEREM advok\u00e1ti"},"image":{"@id":"https:\/\/www.btlaw.sk\/#\/schema\/logo\/image\/"}}]}},"_links":{"self":[{"href":"https:\/\/www.btlaw.sk\/en\/wp-json\/wp\/v2\/pages\/485\/"}],"collection":[{"href":"https:\/\/www.btlaw.sk\/en\/wp-json\/wp\/v2\/pages\/"}],"about":[{"href":"https:\/\/www.btlaw.sk\/en\/wp-json\/wp\/v2\/types\/page\/"}],"author":[{"embeddable":true,"href":"https:\/\/www.btlaw.sk\/en\/wp-json\/wp\/v2\/users\/1\/"}],"replies":[{"embeddable":true,"href":"https:\/\/www.btlaw.sk\/en\/wp-json\/wp\/v2\/comments\/?post=485"}],"version-history":[{"count":20,"href":"https:\/\/www.btlaw.sk\/en\/wp-json\/wp\/v2\/pages\/485\/revisions\/"}],"predecessor-version":[{"id":1703,"href":"https:\/\/www.btlaw.sk\/en\/wp-json\/wp\/v2\/pages\/485\/revisions\/1703\/"}],"wp:attachment":[{"href":"https:\/\/www.btlaw.sk\/en\/wp-json\/wp\/v2\/media\/?parent=485"}],"curies":[{"name":"wp","href":"https:\/\/api.w.org\/{rel}","templated":true}]}}