{"id":284,"date":"2020-02-11T20:11:48","date_gmt":"2020-02-11T19:11:48","guid":{"rendered":"https:\/\/www.btlaw.sk\/?page_id=284\/"},"modified":"2021-10-20T14:23:02","modified_gmt":"2021-10-20T12:23:02","slug":"domov","status":"publish","type":"page","link":"https:\/\/www.btlaw.sk\/de\/","title":{"rendered":"Homepage"},"content":{"rendered":"\r\n<p>&#8230;alebo&nbsp;nie\u010do tak\u00e9to:<\/p>\r\n","protected":false},"excerpt":{"rendered":"<p>&#8230;alebo&nbsp;nie\u010do tak\u00e9to:<\/p>\n","protected":false},"author":1,"featured_media":0,"parent":0,"menu_order":0,"comment_status":"closed","ping_status":"closed","template":"template-kto-sme.php","meta":{"_monsterinsights_skip_tracking":false,"_monsterinsights_sitenote_active":false,"_monsterinsights_sitenote_note":"","_monsterinsights_sitenote_category":0,"_uf_show_specific_survey":0,"_uf_disable_surveys":false,"footnotes":""},"yoast_head":"<!-- This site is optimized with the Yoast SEO plugin v22.8 - https:\/\/yoast.com\/wordpress\/plugins\/seo\/ -->\n<title>BTLAW, Rechtsanw\u00e4lte, Slowakei<\/title>\n<meta name=\"description\" content=\"Obwohl den Schwerpunkt \u00a0\u00a0unserer T\u00e4tigkeit das Handelsrecht darstellt, bieten wir auch Rechtsberatung im Bereich des Datenschutzes, des Software- und Baurechts einschlie\u00dflich Bauauftr\u00e4gen (FIDIC). Wir verteidigen Klienten und ihre Rechte auch in Verfahren mit staatlichen Beh\u00f6rden, insbesondere bei den Verwaltungsstrafen. Wir bieten Rechtsberatung nicht nur auf Slowakisch, sondern auch auf Englisch, Deutsch und Franz\u00f6sisch.\" \/>\n<meta name=\"robots\" content=\"index, follow, max-snippet:-1, max-image-preview:large, max-video-preview:-1\" \/>\n<link rel=\"canonical\" href=\"https:\/\/www.btlaw.sk\/de\/\" \/>\n<meta property=\"og:locale\" content=\"de_DE\" \/>\n<meta property=\"og:type\" content=\"article\" \/>\n<meta property=\"og:title\" content=\"BTLAW, Rechtsanw\u00e4lte, Slowakei\" \/>\n<meta property=\"og:description\" content=\"Obwohl den Schwerpunkt \u00a0\u00a0unserer T\u00e4tigkeit das Handelsrecht darstellt, bieten wir auch Rechtsberatung im Bereich des Datenschutzes, des Software- und Baurechts einschlie\u00dflich Bauauftr\u00e4gen (FIDIC). Wir verteidigen Klienten und ihre Rechte auch in Verfahren mit staatlichen Beh\u00f6rden, insbesondere bei den Verwaltungsstrafen. Wir bieten Rechtsberatung nicht nur auf Slowakisch, sondern auch auf Englisch, Deutsch und Franz\u00f6sisch.\" \/>\n<meta property=\"og:url\" content=\"https:\/\/www.btlaw.sk\/de\/\" \/>\n<meta property=\"og:site_name\" content=\"BTLAW\" \/>\n<meta property=\"article:modified_time\" content=\"2021-10-20T12:23:02+00:00\" \/>\n<meta name=\"twitter:card\" content=\"summary_large_image\" \/>\n<script type=\"application\/ld+json\" class=\"yoast-schema-graph\">{\"@context\":\"https:\/\/schema.org\",\"@graph\":[{\"@type\":\"WebPage\",\"@id\":\"https:\/\/www.btlaw.sk\/de\/\",\"url\":\"https:\/\/www.btlaw.sk\/de\/\",\"name\":\"BTLAW, Rechtsanw\u00e4lte, Slowakei\",\"isPartOf\":{\"@id\":\"https:\/\/www.btlaw.sk\/#website\"},\"datePublished\":\"2020-02-11T19:11:48+00:00\",\"dateModified\":\"2021-10-20T12:23:02+00:00\",\"description\":\"Obwohl den Schwerpunkt \u00a0\u00a0unserer T\u00e4tigkeit das Handelsrecht darstellt, bieten wir auch Rechtsberatung im Bereich des Datenschutzes, des Software- und Baurechts einschlie\u00dflich Bauauftr\u00e4gen (FIDIC). Wir verteidigen Klienten und ihre Rechte auch in Verfahren mit staatlichen Beh\u00f6rden, insbesondere bei den Verwaltungsstrafen. Wir bieten Rechtsberatung nicht nur auf Slowakisch, sondern auch auf Englisch, Deutsch und Franz\u00f6sisch.\",\"breadcrumb\":{\"@id\":\"https:\/\/www.btlaw.sk\/de\/#breadcrumb\"},\"inLanguage\":\"de\",\"potentialAction\":[{\"@type\":\"ReadAction\",\"target\":[\"https:\/\/www.btlaw.sk\/de\/\"]}]},{\"@type\":\"BreadcrumbList\",\"@id\":\"https:\/\/www.btlaw.sk\/de\/#breadcrumb\",\"itemListElement\":[{\"@type\":\"ListItem\",\"position\":1,\"name\":\"Home\",\"item\":\"https:\/\/www.btlaw.sk\/de\/\"},{\"@type\":\"ListItem\",\"position\":2,\"name\":\"Homepage\"}]},{\"@type\":\"WebSite\",\"@id\":\"https:\/\/www.btlaw.sk\/#website\",\"url\":\"https:\/\/www.btlaw.sk\/\",\"name\":\"BTLAW\",\"description\":\"Pr\u00e1vnici pre v\u00e1\u0161 biznis a technol\u00f3gie\",\"publisher\":{\"@id\":\"https:\/\/www.btlaw.sk\/#organization\"},\"potentialAction\":[{\"@type\":\"SearchAction\",\"target\":{\"@type\":\"EntryPoint\",\"urlTemplate\":\"https:\/\/www.btlaw.sk\/?s={search_term_string}\"},\"query-input\":\"required name=search_term_string\"}],\"inLanguage\":\"de\"},{\"@type\":\"Organization\",\"@id\":\"https:\/\/www.btlaw.sk\/#organization\",\"name\":\"BU\u017dEK & TEREM advok\u00e1ti\",\"url\":\"https:\/\/www.btlaw.sk\/\",\"logo\":{\"@type\":\"ImageObject\",\"inLanguage\":\"de\",\"@id\":\"https:\/\/www.btlaw.sk\/#\/schema\/logo\/image\/\",\"url\":\"https:\/\/www.btlaw.sk\/wp-content\/uploads\/2020\/06\/logo-zakladne-pre-online-transparent.png\",\"contentUrl\":\"https:\/\/www.btlaw.sk\/wp-content\/uploads\/2020\/06\/logo-zakladne-pre-online-transparent.png\",\"width\":1200,\"height\":793,\"caption\":\"BU\u017dEK & TEREM advok\u00e1ti\"},\"image\":{\"@id\":\"https:\/\/www.btlaw.sk\/#\/schema\/logo\/image\/\"}}]}<\/script>\n<!-- \/ Yoast SEO plugin. -->","yoast_head_json":{"title":"BTLAW, Rechtsanw\u00e4lte, Slowakei","description":"Obwohl den Schwerpunkt \u00a0\u00a0unserer T\u00e4tigkeit das Handelsrecht darstellt, bieten wir auch Rechtsberatung im Bereich des Datenschutzes, des Software- und Baurechts einschlie\u00dflich Bauauftr\u00e4gen (FIDIC). Wir verteidigen Klienten und ihre Rechte auch in Verfahren mit staatlichen Beh\u00f6rden, insbesondere bei den Verwaltungsstrafen. Wir bieten Rechtsberatung nicht nur auf Slowakisch, sondern auch auf Englisch, Deutsch und Franz\u00f6sisch.","robots":{"index":"index","follow":"follow","max-snippet":"max-snippet:-1","max-image-preview":"max-image-preview:large","max-video-preview":"max-video-preview:-1"},"canonical":"https:\/\/www.btlaw.sk\/de\/","og_locale":"de_DE","og_type":"article","og_title":"BTLAW, Rechtsanw\u00e4lte, Slowakei","og_description":"Obwohl den Schwerpunkt \u00a0\u00a0unserer T\u00e4tigkeit das Handelsrecht darstellt, bieten wir auch Rechtsberatung im Bereich des Datenschutzes, des Software- und Baurechts einschlie\u00dflich Bauauftr\u00e4gen (FIDIC). Wir verteidigen Klienten und ihre Rechte auch in Verfahren mit staatlichen Beh\u00f6rden, insbesondere bei den Verwaltungsstrafen. Wir bieten Rechtsberatung nicht nur auf Slowakisch, sondern auch auf Englisch, Deutsch und Franz\u00f6sisch.","og_url":"https:\/\/www.btlaw.sk\/de\/","og_site_name":"BTLAW","article_modified_time":"2021-10-20T12:23:02+00:00","twitter_card":"summary_large_image","schema":{"@context":"https:\/\/schema.org","@graph":[{"@type":"WebPage","@id":"https:\/\/www.btlaw.sk\/de\/","url":"https:\/\/www.btlaw.sk\/de\/","name":"BTLAW, Rechtsanw\u00e4lte, Slowakei","isPartOf":{"@id":"https:\/\/www.btlaw.sk\/#website"},"datePublished":"2020-02-11T19:11:48+00:00","dateModified":"2021-10-20T12:23:02+00:00","description":"Obwohl den Schwerpunkt \u00a0\u00a0unserer T\u00e4tigkeit das Handelsrecht darstellt, bieten wir auch Rechtsberatung im Bereich des Datenschutzes, des Software- und Baurechts einschlie\u00dflich Bauauftr\u00e4gen (FIDIC). Wir verteidigen Klienten und ihre Rechte auch in Verfahren mit staatlichen Beh\u00f6rden, insbesondere bei den Verwaltungsstrafen. Wir bieten Rechtsberatung nicht nur auf Slowakisch, sondern auch auf Englisch, Deutsch und Franz\u00f6sisch.","breadcrumb":{"@id":"https:\/\/www.btlaw.sk\/de\/#breadcrumb"},"inLanguage":"de","potentialAction":[{"@type":"ReadAction","target":["https:\/\/www.btlaw.sk\/de\/"]}]},{"@type":"BreadcrumbList","@id":"https:\/\/www.btlaw.sk\/de\/#breadcrumb","itemListElement":[{"@type":"ListItem","position":1,"name":"Home","item":"https:\/\/www.btlaw.sk\/de\/"},{"@type":"ListItem","position":2,"name":"Homepage"}]},{"@type":"WebSite","@id":"https:\/\/www.btlaw.sk\/#website","url":"https:\/\/www.btlaw.sk\/","name":"BTLAW","description":"Pr\u00e1vnici pre v\u00e1\u0161 biznis a technol\u00f3gie","publisher":{"@id":"https:\/\/www.btlaw.sk\/#organization"},"potentialAction":[{"@type":"SearchAction","target":{"@type":"EntryPoint","urlTemplate":"https:\/\/www.btlaw.sk\/?s={search_term_string}"},"query-input":"required name=search_term_string"}],"inLanguage":"de"},{"@type":"Organization","@id":"https:\/\/www.btlaw.sk\/#organization","name":"BU\u017dEK & TEREM advok\u00e1ti","url":"https:\/\/www.btlaw.sk\/","logo":{"@type":"ImageObject","inLanguage":"de","@id":"https:\/\/www.btlaw.sk\/#\/schema\/logo\/image\/","url":"https:\/\/www.btlaw.sk\/wp-content\/uploads\/2020\/06\/logo-zakladne-pre-online-transparent.png","contentUrl":"https:\/\/www.btlaw.sk\/wp-content\/uploads\/2020\/06\/logo-zakladne-pre-online-transparent.png","width":1200,"height":793,"caption":"BU\u017dEK & TEREM advok\u00e1ti"},"image":{"@id":"https:\/\/www.btlaw.sk\/#\/schema\/logo\/image\/"}}]}},"_links":{"self":[{"href":"https:\/\/www.btlaw.sk\/de\/wp-json\/wp\/v2\/pages\/284\/"}],"collection":[{"href":"https:\/\/www.btlaw.sk\/de\/wp-json\/wp\/v2\/pages\/"}],"about":[{"href":"https:\/\/www.btlaw.sk\/de\/wp-json\/wp\/v2\/types\/page\/"}],"author":[{"embeddable":true,"href":"https:\/\/www.btlaw.sk\/de\/wp-json\/wp\/v2\/users\/1\/"}],"replies":[{"embeddable":true,"href":"https:\/\/www.btlaw.sk\/de\/wp-json\/wp\/v2\/comments\/?post=284"}],"version-history":[{"count":28,"href":"https:\/\/www.btlaw.sk\/de\/wp-json\/wp\/v2\/pages\/284\/revisions\/"}],"predecessor-version":[{"id":1233,"href":"https:\/\/www.btlaw.sk\/de\/wp-json\/wp\/v2\/pages\/284\/revisions\/1233\/"}],"wp:attachment":[{"href":"https:\/\/www.btlaw.sk\/de\/wp-json\/wp\/v2\/media\/?parent=284"}],"curies":[{"name":"wp","href":"https:\/\/api.w.org\/{rel}","templated":true}]}}